{"id":7,"date":"2020-07-27T08:03:38","date_gmt":"2020-07-27T08:03:38","guid":{"rendered":"https:\/\/themes.muffingroup.com\/be\/hairdresser3\/?page_id=7"},"modified":"2021-03-30T11:57:57","modified_gmt":"2021-03-30T11:57:57","slug":"home","status":"publish","type":"page","link":"http:\/\/kaleidoscopio.com.ar\/performateca\/","title":{"rendered":"Home"},"content":{"rendered":"\n<div style=\"height:100px\" aria-hidden=\"true\" class=\"wp-block-spacer\"><\/div>\n\n\n<h1><span style=\"color: #ffffff;\">Esta <strong>performateca<\/strong> se propone como un material did\u00e1ctico pasible de ser implementado en distintas c\u00e1tedras de las carreras de nivel superior en educaci\u00f3n art\u00edstica que, a modo de un \u00e1lbum de fotograf\u00edas, videos y capturas de instrucciones, recupera una colecci\u00f3n de registros de performances que imprimieron una impronta en la joven historia de esta pr\u00e1ctica art\u00edstica.<\/span><\/h1>\n<h4><span style=\"color: #999999;\"><a style=\"color: #999999;\" href=\"http:\/\/kaleidoscopio.com.ar\/performateca\/propuesta\/\">Leer m\u00e1s&#8230;<\/a><\/span><\/h4>\n\n\n<div style=\"height:74px\" aria-hidden=\"true\" class=\"wp-block-spacer\"><\/div>\n\n\n\n<h2 class=\"has-text-align-center wp-block-heading\"><span class=\"has-inline-color has-white-color\">Cl\u00e1sicos de la performance<\/span><\/h2>\n\n\n\n<p><\/p>\n","protected":false},"excerpt":{"rendered":"<p>Esta performateca se propone como un material did\u00e1ctico pasible de ser implementado en distintas c\u00e1tedras de las carreras de nivel superior en educaci\u00f3n art\u00edstica que, a<span class=\"excerpt-hellip\"> [\u2026]<\/span><\/p>\n","protected":false},"author":2,"featured_media":0,"parent":0,"menu_order":3,"comment_status":"closed","ping_status":"closed","template":"template-portfolio.php","meta":{"footnotes":""},"class_list":["post-7","page","type-page","status-publish","hentry"],"_links":{"self":[{"href":"http:\/\/kaleidoscopio.com.ar\/performateca\/wp-json\/wp\/v2\/pages\/7","targetHints":{"allow":["GET"]}}],"collection":[{"href":"http:\/\/kaleidoscopio.com.ar\/performateca\/wp-json\/wp\/v2\/pages"}],"about":[{"href":"http:\/\/kaleidoscopio.com.ar\/performateca\/wp-json\/wp\/v2\/types\/page"}],"author":[{"embeddable":true,"href":"http:\/\/kaleidoscopio.com.ar\/performateca\/wp-json\/wp\/v2\/users\/2"}],"replies":[{"embeddable":true,"href":"http:\/\/kaleidoscopio.com.ar\/performateca\/wp-json\/wp\/v2\/comments?post=7"}],"version-history":[{"count":165,"href":"http:\/\/kaleidoscopio.com.ar\/performateca\/wp-json\/wp\/v2\/pages\/7\/revisions"}],"predecessor-version":[{"id":650,"href":"http:\/\/kaleidoscopio.com.ar\/performateca\/wp-json\/wp\/v2\/pages\/7\/revisions\/650"}],"wp:attachment":[{"href":"http:\/\/kaleidoscopio.com.ar\/performateca\/wp-json\/wp\/v2\/media?parent=7"}],"curies":[{"name":"wp","href":"https:\/\/api.w.org\/{rel}","templated":true}]}}